{"id":38,"date":"2012-12-29T20:39:51","date_gmt":"2012-12-29T19:39:51","guid":{"rendered":"http:\/\/www.stalag307.it\/?page_id=38"},"modified":"2026-02-06T07:54:31","modified_gmt":"2026-02-06T06:54:31","slug":"chi-era-luigi-biraghi","status":"publish","type":"page","link":"https:\/\/www.stalag307.it\/?page_id=38","title":{"rendered":"Chi era Luigi Biraghi"},"content":{"rendered":"<p><a href=\"https:\/\/i0.wp.com\/www.stalag307.it\/wp-content\/uploads\/2012\/12\/luigi-giovane.jpg\"><img data-recalc-dims=\"1\" loading=\"lazy\" decoding=\"async\" class=\"alignnone size-full wp-image-40\" src=\"https:\/\/i0.wp.com\/www.stalag307.it\/wp-content\/uploads\/2012\/12\/luigi-giovane.jpg?resize=584%2C393\" alt=\"Luigi 1937\" width=\"584\" height=\"393\" srcset=\"https:\/\/i0.wp.com\/www.stalag307.it\/wp-content\/uploads\/2012\/12\/luigi-giovane.jpg?w=1520&amp;ssl=1 1520w, https:\/\/i0.wp.com\/www.stalag307.it\/wp-content\/uploads\/2012\/12\/luigi-giovane.jpg?resize=300%2C202&amp;ssl=1 300w, https:\/\/i0.wp.com\/www.stalag307.it\/wp-content\/uploads\/2012\/12\/luigi-giovane.jpg?resize=1024%2C689&amp;ssl=1 1024w, https:\/\/i0.wp.com\/www.stalag307.it\/wp-content\/uploads\/2012\/12\/luigi-giovane.jpg?resize=445%2C300&amp;ssl=1 445w, https:\/\/i0.wp.com\/www.stalag307.it\/wp-content\/uploads\/2012\/12\/luigi-giovane.jpg?w=1168&amp;ssl=1 1168w\" sizes=\"auto, (max-width: 584px) 100vw, 584px\" \/><\/a><\/p>\n<p>Nato a Milano il <strong>7 aprile 1914<\/strong> a Porta Magenta da sedici bisnonni milanesi, rimasto orfano di padre a quattro anni per l&#8217;epidemia di spagnola, mor\u00ec serenamente a Milano, nella casa costruita da lui in via Marcantonio Colonna, il 17 giugno 1989, con la sua famiglia accanto.<\/p>\n<p>Nell&#8217;anno della sua morte, Luigi Biraghi era <strong>uno degli ultimi seicento milanesi 16\/16<\/strong>. Amava e conosceva Milano, i suoi palazzi (&#8220;per Milano bisogna passeggiare guardando in alto&#8221;), la sua storia e il suo dialetto, oggi pressoch\u00e9 scomparso, di cui era studioso e cultore. A fine anni &#8217;80 ancora si intestardiva a parlare in milanese ai tassisti e ai vigili urbani, anche se quasi nessuno di loro lo capiva pi\u00f9.<\/p>\n<p>Ma fuori da Milano c&#8217;erano le montagne, che Luigi Biraghi amava, conosceva e riconosceva. Rimasto <strong>alpino per tutta la vita<\/strong>, indossava con orgoglio la penna nera alle adunate, aveva partecipato alla nascita della sezione ANA di Milano e la sosteneva concretamente.<\/p>\n<p>Nei lager nazisti &#8211; dove scelse di rimanere quasi due anni per non collaborare con nazisti e RSI, meritando la <strong>Croce di Guerra<\/strong> sia il diritto a fregiarsi del distintivo di <strong>Volontario della Libert\u00e0<\/strong> &#8211; impar\u00f2 l&#8217;amore per la vita, il piacere della compagnia, la generosit\u00e0, il valore degli amici, la tenacia, la parsimonia che non \u00e8 avarizia, l&#8217;arte di aggiustare le cose anzich\u00e9 gettarle.<\/p>\n<p><img data-recalc-dims=\"1\" loading=\"lazy\" decoding=\"async\" class=\"alignnone size-full wp-image-1023\" src=\"https:\/\/i0.wp.com\/www.stalag307.it\/wp-content\/uploads\/2018\/05\/1938-alpino.jpeg?resize=584%2C357&#038;ssl=1\" alt=\"Luigi Biraghi, alpino\" width=\"584\" height=\"357\" srcset=\"https:\/\/i0.wp.com\/www.stalag307.it\/wp-content\/uploads\/2018\/05\/1938-alpino.jpeg?w=3218&amp;ssl=1 3218w, https:\/\/i0.wp.com\/www.stalag307.it\/wp-content\/uploads\/2018\/05\/1938-alpino.jpeg?resize=300%2C183&amp;ssl=1 300w, https:\/\/i0.wp.com\/www.stalag307.it\/wp-content\/uploads\/2018\/05\/1938-alpino.jpeg?resize=768%2C469&amp;ssl=1 768w, https:\/\/i0.wp.com\/www.stalag307.it\/wp-content\/uploads\/2018\/05\/1938-alpino.jpeg?resize=1024%2C626&amp;ssl=1 1024w, https:\/\/i0.wp.com\/www.stalag307.it\/wp-content\/uploads\/2018\/05\/1938-alpino.jpeg?resize=491%2C300&amp;ssl=1 491w, https:\/\/i0.wp.com\/www.stalag307.it\/wp-content\/uploads\/2018\/05\/1938-alpino.jpeg?w=1168&amp;ssl=1 1168w, https:\/\/i0.wp.com\/www.stalag307.it\/wp-content\/uploads\/2018\/05\/1938-alpino.jpeg?w=1752&amp;ssl=1 1752w\" sizes=\"auto, (max-width: 584px) 100vw, 584px\" \/><\/p>\n<p>Nel laboratorio allestito in cantina, dove si ritirava alla sera dopo il lavoro, prima di cena, aggiustava qualunque cosa. Era anche un appassionato pescatore. \u00a0Eccolo in Canada, nel corso di una battuta di pesca.<\/p>\n<p><a href=\"https:\/\/i0.wp.com\/www.stalag307.it\/wp-content\/uploads\/2012\/12\/1961-canada-dia_0128.jpg\"><img data-recalc-dims=\"1\" loading=\"lazy\" decoding=\"async\" class=\"alignnone size-full wp-image-369\" src=\"https:\/\/i0.wp.com\/www.stalag307.it\/wp-content\/uploads\/2012\/12\/1961-canada-dia_0128.jpg?resize=584%2C394\" alt=\"Autosave-File vom d-lab2\/3 der AgfaPhoto GmbH\" width=\"584\" height=\"394\" srcset=\"https:\/\/i0.wp.com\/www.stalag307.it\/wp-content\/uploads\/2012\/12\/1961-canada-dia_0128.jpg?w=1000&amp;ssl=1 1000w, https:\/\/i0.wp.com\/www.stalag307.it\/wp-content\/uploads\/2012\/12\/1961-canada-dia_0128.jpg?resize=300%2C202&amp;ssl=1 300w, https:\/\/i0.wp.com\/www.stalag307.it\/wp-content\/uploads\/2012\/12\/1961-canada-dia_0128.jpg?resize=445%2C300&amp;ssl=1 445w\" sizes=\"auto, (max-width: 584px) 100vw, 584px\" \/><\/a><\/p>\n<p>Luigi Biraghi era un uomo speciale. Rigoroso e incorruttibile, era intransigente pi\u00f9 con se stesso che con gli altri. La sua vita \u00e8 stata difficile, durissima, disseminata di ostacoli, sventure e grandi dolori, durata solo tre quarti di secolo. Eppure ha affrontato ogni difficolt\u00e0, anche quelle pi\u00f9 dure, con sereno coraggio ed enorme forza d&#8217;animo. Chi ha avuto la fortuna di conoscerlo, ancora oggi, tanti anni dopo, lo ricorda con affetto, simpatia, rispetto e rimpianto. Qui sotto la sua ultima foto.<\/p>\n<p><img data-recalc-dims=\"1\" loading=\"lazy\" decoding=\"async\" class=\"size-full wp-image-622 alignnone\" src=\"https:\/\/i0.wp.com\/www.stalag307.it\/wp-content\/uploads\/2012\/12\/luigi1000.jpg?resize=584%2C717\" alt=\"luigi1000\" width=\"584\" height=\"717\" srcset=\"https:\/\/i0.wp.com\/www.stalag307.it\/wp-content\/uploads\/2012\/12\/luigi1000.jpg?w=1000&amp;ssl=1 1000w, https:\/\/i0.wp.com\/www.stalag307.it\/wp-content\/uploads\/2012\/12\/luigi1000.jpg?resize=244%2C300&amp;ssl=1 244w, https:\/\/i0.wp.com\/www.stalag307.it\/wp-content\/uploads\/2012\/12\/luigi1000.jpg?resize=834%2C1024&amp;ssl=1 834w\" sizes=\"auto, (max-width: 584px) 100vw, 584px\" \/><\/p>\n<p>Luigi Biraghi \u00e8 stato il miglior padre, marito e amico che si potesse desiderare. Decenni dopo la sua scomparsa il suo insegnamento e il suo esempio continuano a essere un punto di riferimento in ogni momento della vita di chi ha avuto la fortuna di stargli accanto.<\/p>\n<p style=\"text-align: right;\"><em>Alberto Biraghi, figlio.<\/em><\/p>\n","protected":false},"excerpt":{"rendered":"<p>Nato a Milano il 7 aprile 1914 a Porta Magenta da sedici bisnonni milanesi, rimasto orfano di padre a quattro anni per l&#8217;epidemia di spagnola, mor\u00ec serenamente a Milano, nella casa costruita da lui in via Marcantonio Colonna, il 17 &hellip; <a href=\"https:\/\/www.stalag307.it\/?page_id=38\">Continua a leggere<span class=\"meta-nav\">&rarr;<\/span><\/a><\/p>\n","protected":false},"author":1,"featured_media":0,"parent":0,"menu_order":35,"comment_status":"closed","ping_status":"closed","template":"","meta":{"_exactmetrics_skip_tracking":false,"_exactmetrics_sitenote_active":false,"_exactmetrics_sitenote_note":"","_exactmetrics_sitenote_category":0,"footnotes":""},"class_list":["post-38","page","type-page","status-publish","hentry"],"yoast_head":"<!-- This site is optimized with the Yoast SEO plugin v27.5 - https:\/\/yoast.com\/product\/yoast-seo-wordpress\/ -->\n<title>Chi era Luigi Biraghi - Stalag 307<\/title>\n<meta name=\"description\" content=\"Luigi Biraghi era\u00a0uno degli ultimi seicento milanesi puri. Nacque il 7 aprile 1914 a Porta Magenta da sedici bisnonni rigorosamente milanesi.\" \/>\n<meta name=\"robots\" content=\"index, follow, max-snippet:-1, max-image-preview:large, max-video-preview:-1\" \/>\n<link rel=\"canonical\" href=\"https:\/\/www.stalag307.it\/?page_id=38\" \/>\n<meta property=\"og:locale\" content=\"it_IT\" \/>\n<meta property=\"og:type\" content=\"article\" \/>\n<meta property=\"og:title\" content=\"Chi era Luigi Biraghi - Stalag 307\" \/>\n<meta property=\"og:description\" content=\"Luigi Biraghi era\u00a0uno degli ultimi seicento milanesi puri. Nacque il 7 aprile 1914 a Porta Magenta da sedici bisnonni rigorosamente milanesi.\" \/>\n<meta property=\"og:url\" content=\"https:\/\/www.stalag307.it\/?page_id=38\" \/>\n<meta property=\"og:site_name\" content=\"Stalag 307\" \/>\n<meta property=\"article:modified_time\" content=\"2026-02-06T06:54:31+00:00\" \/>\n<meta property=\"og:image\" content=\"http:\/\/www.stalag307.it\/wp-content\/uploads\/2012\/12\/luigi-giovane.jpg\" \/>\n<meta name=\"twitter:card\" content=\"summary_large_image\" \/>\n<meta name=\"twitter:label1\" content=\"Tempo di lettura stimato\" \/>\n\t<meta name=\"twitter:data1\" content=\"2 minuti\" \/>\n<script type=\"application\/ld+json\" class=\"yoast-schema-graph\">{\"@context\":\"https:\\\/\\\/schema.org\",\"@graph\":[{\"@type\":\"WebPage\",\"@id\":\"https:\\\/\\\/www.stalag307.it\\\/?page_id=38\",\"url\":\"https:\\\/\\\/www.stalag307.it\\\/?page_id=38\",\"name\":\"Chi era Luigi Biraghi - Stalag 307\",\"isPartOf\":{\"@id\":\"https:\\\/\\\/www.stalag307.it\\\/#website\"},\"primaryImageOfPage\":{\"@id\":\"https:\\\/\\\/www.stalag307.it\\\/?page_id=38#primaryimage\"},\"image\":{\"@id\":\"https:\\\/\\\/www.stalag307.it\\\/?page_id=38#primaryimage\"},\"thumbnailUrl\":\"http:\\\/\\\/www.stalag307.it\\\/wp-content\\\/uploads\\\/2012\\\/12\\\/luigi-giovane.jpg\",\"datePublished\":\"2012-12-29T19:39:51+00:00\",\"dateModified\":\"2026-02-06T06:54:31+00:00\",\"description\":\"Luigi Biraghi era\u00a0uno degli ultimi seicento milanesi puri. Nacque il 7 aprile 1914 a Porta Magenta da sedici bisnonni rigorosamente milanesi.\",\"breadcrumb\":{\"@id\":\"https:\\\/\\\/www.stalag307.it\\\/?page_id=38#breadcrumb\"},\"inLanguage\":\"it-IT\",\"potentialAction\":[{\"@type\":\"ReadAction\",\"target\":[\"https:\\\/\\\/www.stalag307.it\\\/?page_id=38\"]}]},{\"@type\":\"ImageObject\",\"inLanguage\":\"it-IT\",\"@id\":\"https:\\\/\\\/www.stalag307.it\\\/?page_id=38#primaryimage\",\"url\":\"http:\\\/\\\/www.stalag307.it\\\/wp-content\\\/uploads\\\/2012\\\/12\\\/luigi-giovane.jpg\",\"contentUrl\":\"http:\\\/\\\/www.stalag307.it\\\/wp-content\\\/uploads\\\/2012\\\/12\\\/luigi-giovane.jpg\"},{\"@type\":\"BreadcrumbList\",\"@id\":\"https:\\\/\\\/www.stalag307.it\\\/?page_id=38#breadcrumb\",\"itemListElement\":[{\"@type\":\"ListItem\",\"position\":1,\"name\":\"Home\",\"item\":\"https:\\\/\\\/www.stalag307.it\\\/\"},{\"@type\":\"ListItem\",\"position\":2,\"name\":\"Chi era Luigi Biraghi\"}]},{\"@type\":\"WebSite\",\"@id\":\"https:\\\/\\\/www.stalag307.it\\\/#website\",\"url\":\"https:\\\/\\\/www.stalag307.it\\\/\",\"name\":\"Stalag 307\",\"description\":\"Dall&#039;8 settembre 1943 al 26 agosto 1945: la prigionia nei campi nazisti di Luigi Biraghi, tenente del 9\u00b0 alpini.\",\"publisher\":{\"@id\":\"https:\\\/\\\/www.stalag307.it\\\/#\\\/schema\\\/person\\\/429ede1ba10cd3538d1b89ab809fd00f\"},\"potentialAction\":[{\"@type\":\"SearchAction\",\"target\":{\"@type\":\"EntryPoint\",\"urlTemplate\":\"https:\\\/\\\/www.stalag307.it\\\/?s={search_term_string}\"},\"query-input\":{\"@type\":\"PropertyValueSpecification\",\"valueRequired\":true,\"valueName\":\"search_term_string\"}}],\"inLanguage\":\"it-IT\"},{\"@type\":[\"Person\",\"Organization\"],\"@id\":\"https:\\\/\\\/www.stalag307.it\\\/#\\\/schema\\\/person\\\/429ede1ba10cd3538d1b89ab809fd00f\",\"name\":\"Luigi Biraghi\",\"logo\":{\"@id\":\"https:\\\/\\\/www.stalag307.it\\\/#\\\/schema\\\/person\\\/image\\\/\"}}]}<\/script>\n<!-- \/ Yoast SEO plugin. -->","yoast_head_json":{"title":"Chi era Luigi Biraghi - Stalag 307","description":"Luigi Biraghi era\u00a0uno degli ultimi seicento milanesi puri. Nacque il 7 aprile 1914 a Porta Magenta da sedici bisnonni rigorosamente milanesi.","robots":{"index":"index","follow":"follow","max-snippet":"max-snippet:-1","max-image-preview":"max-image-preview:large","max-video-preview":"max-video-preview:-1"},"canonical":"https:\/\/www.stalag307.it\/?page_id=38","og_locale":"it_IT","og_type":"article","og_title":"Chi era Luigi Biraghi - Stalag 307","og_description":"Luigi Biraghi era\u00a0uno degli ultimi seicento milanesi puri. Nacque il 7 aprile 1914 a Porta Magenta da sedici bisnonni rigorosamente milanesi.","og_url":"https:\/\/www.stalag307.it\/?page_id=38","og_site_name":"Stalag 307","article_modified_time":"2026-02-06T06:54:31+00:00","og_image":[{"url":"http:\/\/www.stalag307.it\/wp-content\/uploads\/2012\/12\/luigi-giovane.jpg","type":"","width":"","height":""}],"twitter_card":"summary_large_image","twitter_misc":{"Tempo di lettura stimato":"2 minuti"},"schema":{"@context":"https:\/\/schema.org","@graph":[{"@type":"WebPage","@id":"https:\/\/www.stalag307.it\/?page_id=38","url":"https:\/\/www.stalag307.it\/?page_id=38","name":"Chi era Luigi Biraghi - Stalag 307","isPartOf":{"@id":"https:\/\/www.stalag307.it\/#website"},"primaryImageOfPage":{"@id":"https:\/\/www.stalag307.it\/?page_id=38#primaryimage"},"image":{"@id":"https:\/\/www.stalag307.it\/?page_id=38#primaryimage"},"thumbnailUrl":"http:\/\/www.stalag307.it\/wp-content\/uploads\/2012\/12\/luigi-giovane.jpg","datePublished":"2012-12-29T19:39:51+00:00","dateModified":"2026-02-06T06:54:31+00:00","description":"Luigi Biraghi era\u00a0uno degli ultimi seicento milanesi puri. Nacque il 7 aprile 1914 a Porta Magenta da sedici bisnonni rigorosamente milanesi.","breadcrumb":{"@id":"https:\/\/www.stalag307.it\/?page_id=38#breadcrumb"},"inLanguage":"it-IT","potentialAction":[{"@type":"ReadAction","target":["https:\/\/www.stalag307.it\/?page_id=38"]}]},{"@type":"ImageObject","inLanguage":"it-IT","@id":"https:\/\/www.stalag307.it\/?page_id=38#primaryimage","url":"http:\/\/www.stalag307.it\/wp-content\/uploads\/2012\/12\/luigi-giovane.jpg","contentUrl":"http:\/\/www.stalag307.it\/wp-content\/uploads\/2012\/12\/luigi-giovane.jpg"},{"@type":"BreadcrumbList","@id":"https:\/\/www.stalag307.it\/?page_id=38#breadcrumb","itemListElement":[{"@type":"ListItem","position":1,"name":"Home","item":"https:\/\/www.stalag307.it\/"},{"@type":"ListItem","position":2,"name":"Chi era Luigi Biraghi"}]},{"@type":"WebSite","@id":"https:\/\/www.stalag307.it\/#website","url":"https:\/\/www.stalag307.it\/","name":"Stalag 307","description":"Dall&#039;8 settembre 1943 al 26 agosto 1945: la prigionia nei campi nazisti di Luigi Biraghi, tenente del 9\u00b0 alpini.","publisher":{"@id":"https:\/\/www.stalag307.it\/#\/schema\/person\/429ede1ba10cd3538d1b89ab809fd00f"},"potentialAction":[{"@type":"SearchAction","target":{"@type":"EntryPoint","urlTemplate":"https:\/\/www.stalag307.it\/?s={search_term_string}"},"query-input":{"@type":"PropertyValueSpecification","valueRequired":true,"valueName":"search_term_string"}}],"inLanguage":"it-IT"},{"@type":["Person","Organization"],"@id":"https:\/\/www.stalag307.it\/#\/schema\/person\/429ede1ba10cd3538d1b89ab809fd00f","name":"Luigi Biraghi","logo":{"@id":"https:\/\/www.stalag307.it\/#\/schema\/person\/image\/"}}]}},"jetpack_sharing_enabled":true,"_links":{"self":[{"href":"https:\/\/www.stalag307.it\/index.php?rest_route=\/wp\/v2\/pages\/38","targetHints":{"allow":["GET"]}}],"collection":[{"href":"https:\/\/www.stalag307.it\/index.php?rest_route=\/wp\/v2\/pages"}],"about":[{"href":"https:\/\/www.stalag307.it\/index.php?rest_route=\/wp\/v2\/types\/page"}],"author":[{"embeddable":true,"href":"https:\/\/www.stalag307.it\/index.php?rest_route=\/wp\/v2\/users\/1"}],"replies":[{"embeddable":true,"href":"https:\/\/www.stalag307.it\/index.php?rest_route=%2Fwp%2Fv2%2Fcomments&post=38"}],"version-history":[{"count":45,"href":"https:\/\/www.stalag307.it\/index.php?rest_route=\/wp\/v2\/pages\/38\/revisions"}],"predecessor-version":[{"id":1291,"href":"https:\/\/www.stalag307.it\/index.php?rest_route=\/wp\/v2\/pages\/38\/revisions\/1291"}],"wp:attachment":[{"href":"https:\/\/www.stalag307.it\/index.php?rest_route=%2Fwp%2Fv2%2Fmedia&parent=38"}],"curies":[{"name":"wp","href":"https:\/\/api.w.org\/{rel}","templated":true}]}}