{"id":220,"date":"2013-01-18T23:50:18","date_gmt":"2013-01-18T22:50:18","guid":{"rendered":"http:\/\/www.stalag307.it\/?page_id=220"},"modified":"2026-02-07T00:12:54","modified_gmt":"2026-02-06T23:12:54","slug":"credits","status":"publish","type":"page","link":"https:\/\/www.stalag307.it\/?page_id=220","title":{"rendered":"Ringraziamenti"},"content":{"rendered":"<p><a href=\"https:\/\/i0.wp.com\/www.stalag307.it\/wp-content\/uploads\/2013\/01\/396999_10150647837240407_1921799552_n.jpg\"><img data-recalc-dims=\"1\" loading=\"lazy\" decoding=\"async\" class=\"alignleft wp-image-225\" src=\"https:\/\/i0.wp.com\/www.stalag307.it\/wp-content\/uploads\/2013\/01\/396999_10150647837240407_1921799552_n-150x150.jpg?resize=90%2C90\" alt=\"Andrea Emilio Rizzoli\" width=\"90\" height=\"90\" srcset=\"https:\/\/i0.wp.com\/www.stalag307.it\/wp-content\/uploads\/2013\/01\/396999_10150647837240407_1921799552_n.jpg?resize=150%2C150&amp;ssl=1 150w, https:\/\/i0.wp.com\/www.stalag307.it\/wp-content\/uploads\/2013\/01\/396999_10150647837240407_1921799552_n.jpg?zoom=3&amp;resize=90%2C90&amp;ssl=1 270w\" sizes=\"auto, (max-width: 90px) 100vw, 90px\" \/><\/a>Questo sito nasce grazie al mio amico Andrea Emilio Rizzoli, che dopo aver letto la trascrizione ha insistito perch\u00e9 lo pubblicassi. Ci ho pensato per un bel po&#8217; prima di dargli retta: mio padre era un uomo d&#8217;altri tempi, riservato e per nessuna ragione avrei voluto mancargli di rispetto. Ma dopo aver letto e riletto il manoscritto ho deciso che nessuna pagina contiene informazioni tanto intime da dover essere nascoste e ho deciso di renderlo disponibile al mondo, perch\u00e9 ritengo che sia un documento interessante per chi desidera comprendere meglio gli eventi di quegli anni drammatici.<\/p>\n<p><a href=\"https:\/\/i0.wp.com\/www.stalag307.it\/wp-content\/uploads\/2013\/01\/532112_10150911315720840_41720218_n.jpg\"><img data-recalc-dims=\"1\" loading=\"lazy\" decoding=\"async\" class=\"alignleft wp-image-226\" src=\"https:\/\/i0.wp.com\/www.stalag307.it\/wp-content\/uploads\/2013\/01\/532112_10150911315720840_41720218_n-150x150.jpg?resize=90%2C90\" alt=\"532112_10150911315720840_41720218_n\" width=\"90\" height=\"90\" srcset=\"https:\/\/i0.wp.com\/www.stalag307.it\/wp-content\/uploads\/2013\/01\/532112_10150911315720840_41720218_n.jpg?resize=150%2C150&amp;ssl=1 150w, https:\/\/i0.wp.com\/www.stalag307.it\/wp-content\/uploads\/2013\/01\/532112_10150911315720840_41720218_n.jpg?zoom=3&amp;resize=90%2C90&amp;ssl=1 270w\" sizes=\"auto, (max-width: 90px) 100vw, 90px\" \/><\/a>Grazie ad Andrea &#8220;adellam&#8221; Dell&#8217;Amico, amico, socio e vero <em>hacker<\/em>, maestro dei sistemi, sempre disponibilissimo ad aiutarmi. Andrea ha installato il Word Press e rimedia ai pasticci che combino quando mi lancio con &#8220;sudo -su&#8221; e fa in modo che il server stia in piedi anche quando io rompo qualche cosa con un comando di troppo.<\/p>\n<p><a href=\"https:\/\/i0.wp.com\/www.stalag307.it\/wp-content\/uploads\/2013\/01\/IMG_1548.jpg\"><img data-recalc-dims=\"1\" loading=\"lazy\" decoding=\"async\" class=\"alignleft wp-image-227\" src=\"https:\/\/i0.wp.com\/www.stalag307.it\/wp-content\/uploads\/2013\/01\/IMG_1548-150x150.jpg?resize=90%2C90\" alt=\"IMG_1548\" width=\"90\" height=\"90\" srcset=\"https:\/\/i0.wp.com\/www.stalag307.it\/wp-content\/uploads\/2013\/01\/IMG_1548.jpg?resize=150%2C150&amp;ssl=1 150w, https:\/\/i0.wp.com\/www.stalag307.it\/wp-content\/uploads\/2013\/01\/IMG_1548.jpg?zoom=3&amp;resize=90%2C90&amp;ssl=1 270w\" sizes=\"auto, (max-width: 90px) 100vw, 90px\" \/><\/a>Grazie a Susi de Pretis, la mia meravigliosa moglie, socia, amica, compagna di vita e di tutto, che non si lamenta mai anche se passo i sabato pomeriggio a scansionare vecchie pagine ingiallite o editare testi anzich\u00e9 fare insieme qualcosa di pi\u00f9 divertente.<\/p>\n<p>&nbsp;<\/p>\n<p><a href=\"https:\/\/i0.wp.com\/www.stalag307.it\/wp-content\/uploads\/2013\/01\/IMG_1137.jpg\"><img data-recalc-dims=\"1\" loading=\"lazy\" decoding=\"async\" class=\" wp-image-951 alignleft\" src=\"https:\/\/i0.wp.com\/www.stalag307.it\/wp-content\/uploads\/2013\/01\/IMG_1137-150x150.jpg?resize=91%2C89\" alt=\"Luigi Pestalozza\" width=\"91\" height=\"89\" \/><\/a>Grazie alla mia amica Maria Grazia Maffina attivista ANPI e alla professoressa di storia Laura Romoli, che hanno organizzato la presentazione del diario di mio padre al Liceo Manzoni di Milano il 20 aprile 2015. L&#8217;ho presentato ai ragazzi nel corso di un evento patrocinato dall&#8217;ANPI a cui ha partecipato Luigi Pestalozza, musicologo, uomo di cultura e partigiano.<\/p>\n<p><a href=\"https:\/\/i0.wp.com\/www.stalag307.it\/wp-content\/uploads\/2013\/01\/alpino.jpg\"><img data-recalc-dims=\"1\" loading=\"lazy\" decoding=\"async\" class=\"alignleft wp-image-266\" src=\"https:\/\/i0.wp.com\/www.stalag307.it\/wp-content\/uploads\/2013\/01\/alpino-150x150.jpg?resize=90%2C90\" alt=\"alpino\" width=\"90\" height=\"90\" srcset=\"https:\/\/i0.wp.com\/www.stalag307.it\/wp-content\/uploads\/2013\/01\/alpino.jpg?resize=150%2C150&amp;ssl=1 150w, https:\/\/i0.wp.com\/www.stalag307.it\/wp-content\/uploads\/2013\/01\/alpino.jpg?zoom=3&amp;resize=90%2C90&amp;ssl=1 270w\" sizes=\"auto, (max-width: 90px) 100vw, 90px\" \/><\/a>Grazie agli alpini. Quando mio padre era vivo quei vecchiotti chiassosi che scendevano dalle valli con la penna nera sul cappello per lui erano sempre un&#8217;occasione di gioia e di buonumore, anche nei momenti pi\u00f9 difficili della sua vita. Ricordo l&#8217;allegria delle cene nella nostra cantina &#8211; con la polenta, la casoela e il barbera che scorreva a fiumi &#8211; quando c&#8217;era l&#8217;adunata a Milano. E ricordo la sorpresa, la mattina del \u00a0funerale (semiclandestino, per esplicita volont\u00e0 di mio padre, perch\u00e9 &#8220;quando sar\u00f2 morto dite che si arrangino e mi mettano dove vogliono, ma non spendete soldi&#8221;) di trovare un drappello di alpini sotto casa a salutarlo, con le penne nere e il gagliardetto dell&#8217;ANA, preceduti dall&#8217;allora presidente della Sezione di Milano, il notaio Antonio Rezia, amico di mio padre, silenzioso in lacrime. Ancora non capisco come avessero avuto la notizia che &#8220;il Bira era andato avanti&#8221;, ma erano l\u00ec. E <a href=\"https:\/\/www.onemoreblog.org\/2021\/03\/senza-vaccino-a-105-anni-in-lombardia\/\">ci sono stati sempre nella nostra vita<\/a> quando abbiamo avuto bisogno. Evviva gli alpini!<\/p>\n<p>Grazie a figli e nipoti degli IMI che hanno avuto la buona idea di far rinascere <a href=\"https:\/\/www2.comune.milano.it\/-\/milano-e-memoria.-rinasce-la-sezione-milanese-della-anei\">l&#8217;ANEI Milano<\/a>, nel 2024. \u00c8 molto importante che la nostra citt\u00e0 conservi la memoria dei suoi eroi dimenticati.<\/p>\n<p>Grazie a chi gestisce il sito <a href=\"https:\/\/www.lessicobiograficoimi.it\/frontend_prodimi.php\/caduti\/show\/103260?fbclid=IwVERDUAPsEw5leHRuA2FlbQIxMQBzcnRjBmFwcF9pZA8xNzM4NDc2NDI2NzAzNzAAAR4LCOOFsRij5vsAOPbvOuvCKN7Z8VA9A9DKQwfTpWRTe8zpdAMG1ebGleKyIA_aem_yTC_lhWG4Gmk3O3o-Q58BA\">Lessico Biografico Internati Militari Italiani<\/a>, un importante database in costante aggiornamento in cui sono ricordati gli eroi che hanno sacrificato anni della loro vita nei campi nazifascisti per amore della patria. Nel sito compaiono sia \u00a0Luigi Biraghi sia Franco Brunello.<\/p>\n<p><a href=\"https:\/\/i0.wp.com\/www.stalag307.it\/wp-content\/uploads\/2012\/12\/fototessera.jpg\"><img data-recalc-dims=\"1\" loading=\"lazy\" decoding=\"async\" class=\"alignleft wp-image-29\" src=\"https:\/\/i0.wp.com\/www.stalag307.it\/wp-content\/uploads\/2012\/12\/fototessera-150x150.jpg?resize=90%2C90\" alt=\"Foto di riconoscimento\" width=\"90\" height=\"90\" srcset=\"https:\/\/i0.wp.com\/www.stalag307.it\/wp-content\/uploads\/2012\/12\/fototessera.jpg?resize=150%2C150&amp;ssl=1 150w, https:\/\/i0.wp.com\/www.stalag307.it\/wp-content\/uploads\/2012\/12\/fototessera.jpg?zoom=3&amp;resize=90%2C90&amp;ssl=1 270w\" sizes=\"auto, (max-width: 90px) 100vw, 90px\" \/><\/a>Finalmente, il grazie pi\u00f9 grande a mio padre, Luigi Biraghi, per essere stato un uomo generoso, solido, coerente e integro. Una roccia da fuori, ma tenerissimo dentro, mi ha insegnato ad \u00a0affrontare difficolt\u00e0, sfortune e paure senza dar retta all&#8217;istinto che ti dice di scappare. Mio padre mi manca in ogni minuto della mia vita e ancora lo penso spesso, dopo decenni dalla sua morte. Rielaborare e pubblicare un pezzo della sua storia mi ha riavvicinato un po&#8217; a lui. Eccolo, allora, nel 1983, nel giardino della &#8220;Casetta&#8221;, il suo rifugio di Sesto Calende, assieme a me e mia madre Giuliana, impegnato in una delle sue attivit\u00e0 preferite: far star bene gli altri con le cose semplici della vita. Essere suo figlio \u00e8 stato un privilegio e una grande fortuna della mia vita. Grande, unico, indimenticabile pap\u00e0.<\/p>\n<p><a href=\"https:\/\/i0.wp.com\/www.stalag307.it\/wp-content\/uploads\/2013\/01\/1983-trial-10044.jpg\"><img data-recalc-dims=\"1\" loading=\"lazy\" decoding=\"async\" class=\"alignnone size-full wp-image-224\" src=\"https:\/\/i0.wp.com\/www.stalag307.it\/wp-content\/uploads\/2013\/01\/1983-trial-10044.jpg?resize=584%2C505\" alt=\"1983-trial-10044\" width=\"584\" height=\"505\" srcset=\"https:\/\/i0.wp.com\/www.stalag307.it\/wp-content\/uploads\/2013\/01\/1983-trial-10044.jpg?w=1000&amp;ssl=1 1000w, https:\/\/i0.wp.com\/www.stalag307.it\/wp-content\/uploads\/2013\/01\/1983-trial-10044.jpg?resize=300%2C259&amp;ssl=1 300w, https:\/\/i0.wp.com\/www.stalag307.it\/wp-content\/uploads\/2013\/01\/1983-trial-10044.jpg?resize=347%2C300&amp;ssl=1 347w\" sizes=\"auto, (max-width: 584px) 100vw, 584px\" \/><\/a><\/p>\n<p><em>&#8212; <a href=\"http:\/\/www.biraghi.org\">Alberto Biraghi<\/a>\u00a0<\/em><\/p>\n<p>NB Il primo lavoro di messa online di questo sito \u00e8 iniziato il 12 gennaio 2013 ed \u00e8 stato completato il 30 marzo 2013. Nel gennaio 2026 \u00e8 stata aggiunta la versione del Diario riveduta e corretta dall&#8217;autore, rinvenuta nel 2023.<\/p>\n","protected":false},"excerpt":{"rendered":"<p>Questo sito nasce grazie al mio amico Andrea Emilio Rizzoli, che dopo aver letto la trascrizione ha insistito perch\u00e9 lo pubblicassi. Ci ho pensato per un bel po&#8217; prima di dargli retta: mio padre era un uomo d&#8217;altri tempi, riservato &hellip; <a href=\"https:\/\/www.stalag307.it\/?page_id=220\">Continua a leggere<span class=\"meta-nav\">&rarr;<\/span><\/a><\/p>\n","protected":false},"author":2,"featured_media":0,"parent":0,"menu_order":60,"comment_status":"closed","ping_status":"closed","template":"","meta":{"_exactmetrics_skip_tracking":false,"_exactmetrics_sitenote_active":false,"_exactmetrics_sitenote_note":"","_exactmetrics_sitenote_category":0,"footnotes":""},"class_list":["post-220","page","type-page","status-publish","hentry"],"yoast_head":"<!-- This site is optimized with the Yoast SEO plugin v27.3 - https:\/\/yoast.com\/product\/yoast-seo-wordpress\/ -->\n<title>Ringraziamenti - Stalag 307<\/title>\n<meta name=\"robots\" content=\"index, follow, max-snippet:-1, max-image-preview:large, max-video-preview:-1\" \/>\n<link rel=\"canonical\" href=\"https:\/\/www.stalag307.it\/?page_id=220\" \/>\n<meta property=\"og:locale\" content=\"it_IT\" \/>\n<meta property=\"og:type\" content=\"article\" \/>\n<meta property=\"og:title\" content=\"Ringraziamenti - Stalag 307\" \/>\n<meta property=\"og:description\" content=\"Questo sito nasce grazie al mio amico Andrea Emilio Rizzoli, che dopo aver letto la trascrizione ha insistito perch\u00e9 lo pubblicassi. Ci ho pensato per un bel po&#8217; prima di dargli retta: mio padre era un uomo d&#8217;altri tempi, riservato &hellip; Continua a leggere&rarr;\" \/>\n<meta property=\"og:url\" content=\"https:\/\/www.stalag307.it\/?page_id=220\" \/>\n<meta property=\"og:site_name\" content=\"Stalag 307\" \/>\n<meta property=\"article:modified_time\" content=\"2026-02-06T23:12:54+00:00\" \/>\n<meta property=\"og:image\" content=\"http:\/\/www.stalag307.it\/wp-content\/uploads\/2013\/01\/396999_10150647837240407_1921799552_n-150x150.jpg\" \/>\n<meta name=\"twitter:card\" content=\"summary_large_image\" \/>\n<meta name=\"twitter:label1\" content=\"Tempo di lettura stimato\" \/>\n\t<meta name=\"twitter:data1\" content=\"5 minuti\" \/>\n<script type=\"application\/ld+json\" class=\"yoast-schema-graph\">{\"@context\":\"https:\\\/\\\/schema.org\",\"@graph\":[{\"@type\":\"WebPage\",\"@id\":\"https:\\\/\\\/www.stalag307.it\\\/?page_id=220\",\"url\":\"https:\\\/\\\/www.stalag307.it\\\/?page_id=220\",\"name\":\"Ringraziamenti - Stalag 307\",\"isPartOf\":{\"@id\":\"https:\\\/\\\/www.stalag307.it\\\/#website\"},\"primaryImageOfPage\":{\"@id\":\"https:\\\/\\\/www.stalag307.it\\\/?page_id=220#primaryimage\"},\"image\":{\"@id\":\"https:\\\/\\\/www.stalag307.it\\\/?page_id=220#primaryimage\"},\"thumbnailUrl\":\"http:\\\/\\\/www.stalag307.it\\\/wp-content\\\/uploads\\\/2013\\\/01\\\/396999_10150647837240407_1921799552_n-150x150.jpg\",\"datePublished\":\"2013-01-18T22:50:18+00:00\",\"dateModified\":\"2026-02-06T23:12:54+00:00\",\"breadcrumb\":{\"@id\":\"https:\\\/\\\/www.stalag307.it\\\/?page_id=220#breadcrumb\"},\"inLanguage\":\"it-IT\",\"potentialAction\":[{\"@type\":\"ReadAction\",\"target\":[\"https:\\\/\\\/www.stalag307.it\\\/?page_id=220\"]}]},{\"@type\":\"ImageObject\",\"inLanguage\":\"it-IT\",\"@id\":\"https:\\\/\\\/www.stalag307.it\\\/?page_id=220#primaryimage\",\"url\":\"http:\\\/\\\/www.stalag307.it\\\/wp-content\\\/uploads\\\/2013\\\/01\\\/396999_10150647837240407_1921799552_n-150x150.jpg\",\"contentUrl\":\"http:\\\/\\\/www.stalag307.it\\\/wp-content\\\/uploads\\\/2013\\\/01\\\/396999_10150647837240407_1921799552_n-150x150.jpg\"},{\"@type\":\"BreadcrumbList\",\"@id\":\"https:\\\/\\\/www.stalag307.it\\\/?page_id=220#breadcrumb\",\"itemListElement\":[{\"@type\":\"ListItem\",\"position\":1,\"name\":\"Home\",\"item\":\"https:\\\/\\\/www.stalag307.it\\\/\"},{\"@type\":\"ListItem\",\"position\":2,\"name\":\"Ringraziamenti\"}]},{\"@type\":\"WebSite\",\"@id\":\"https:\\\/\\\/www.stalag307.it\\\/#website\",\"url\":\"https:\\\/\\\/www.stalag307.it\\\/\",\"name\":\"Stalag 307\",\"description\":\"Dall&#039;8 settembre 1943 al 26 agosto 1945: la prigionia nei campi nazisti di Luigi Biraghi, tenente del 9\u00b0 alpini.\",\"publisher\":{\"@id\":\"https:\\\/\\\/www.stalag307.it\\\/#\\\/schema\\\/person\\\/429ede1ba10cd3538d1b89ab809fd00f\"},\"potentialAction\":[{\"@type\":\"SearchAction\",\"target\":{\"@type\":\"EntryPoint\",\"urlTemplate\":\"https:\\\/\\\/www.stalag307.it\\\/?s={search_term_string}\"},\"query-input\":{\"@type\":\"PropertyValueSpecification\",\"valueRequired\":true,\"valueName\":\"search_term_string\"}}],\"inLanguage\":\"it-IT\"},{\"@type\":[\"Person\",\"Organization\"],\"@id\":\"https:\\\/\\\/www.stalag307.it\\\/#\\\/schema\\\/person\\\/429ede1ba10cd3538d1b89ab809fd00f\",\"name\":\"Luigi Biraghi\",\"logo\":{\"@id\":\"https:\\\/\\\/www.stalag307.it\\\/#\\\/schema\\\/person\\\/image\\\/\"}}]}<\/script>\n<!-- \/ Yoast SEO plugin. -->","yoast_head_json":{"title":"Ringraziamenti - Stalag 307","robots":{"index":"index","follow":"follow","max-snippet":"max-snippet:-1","max-image-preview":"max-image-preview:large","max-video-preview":"max-video-preview:-1"},"canonical":"https:\/\/www.stalag307.it\/?page_id=220","og_locale":"it_IT","og_type":"article","og_title":"Ringraziamenti - Stalag 307","og_description":"Questo sito nasce grazie al mio amico Andrea Emilio Rizzoli, che dopo aver letto la trascrizione ha insistito perch\u00e9 lo pubblicassi. Ci ho pensato per un bel po&#8217; prima di dargli retta: mio padre era un uomo d&#8217;altri tempi, riservato &hellip; Continua a leggere&rarr;","og_url":"https:\/\/www.stalag307.it\/?page_id=220","og_site_name":"Stalag 307","article_modified_time":"2026-02-06T23:12:54+00:00","og_image":[{"url":"http:\/\/www.stalag307.it\/wp-content\/uploads\/2013\/01\/396999_10150647837240407_1921799552_n-150x150.jpg","type":"","width":"","height":""}],"twitter_card":"summary_large_image","twitter_misc":{"Tempo di lettura stimato":"5 minuti"},"schema":{"@context":"https:\/\/schema.org","@graph":[{"@type":"WebPage","@id":"https:\/\/www.stalag307.it\/?page_id=220","url":"https:\/\/www.stalag307.it\/?page_id=220","name":"Ringraziamenti - Stalag 307","isPartOf":{"@id":"https:\/\/www.stalag307.it\/#website"},"primaryImageOfPage":{"@id":"https:\/\/www.stalag307.it\/?page_id=220#primaryimage"},"image":{"@id":"https:\/\/www.stalag307.it\/?page_id=220#primaryimage"},"thumbnailUrl":"http:\/\/www.stalag307.it\/wp-content\/uploads\/2013\/01\/396999_10150647837240407_1921799552_n-150x150.jpg","datePublished":"2013-01-18T22:50:18+00:00","dateModified":"2026-02-06T23:12:54+00:00","breadcrumb":{"@id":"https:\/\/www.stalag307.it\/?page_id=220#breadcrumb"},"inLanguage":"it-IT","potentialAction":[{"@type":"ReadAction","target":["https:\/\/www.stalag307.it\/?page_id=220"]}]},{"@type":"ImageObject","inLanguage":"it-IT","@id":"https:\/\/www.stalag307.it\/?page_id=220#primaryimage","url":"http:\/\/www.stalag307.it\/wp-content\/uploads\/2013\/01\/396999_10150647837240407_1921799552_n-150x150.jpg","contentUrl":"http:\/\/www.stalag307.it\/wp-content\/uploads\/2013\/01\/396999_10150647837240407_1921799552_n-150x150.jpg"},{"@type":"BreadcrumbList","@id":"https:\/\/www.stalag307.it\/?page_id=220#breadcrumb","itemListElement":[{"@type":"ListItem","position":1,"name":"Home","item":"https:\/\/www.stalag307.it\/"},{"@type":"ListItem","position":2,"name":"Ringraziamenti"}]},{"@type":"WebSite","@id":"https:\/\/www.stalag307.it\/#website","url":"https:\/\/www.stalag307.it\/","name":"Stalag 307","description":"Dall&#039;8 settembre 1943 al 26 agosto 1945: la prigionia nei campi nazisti di Luigi Biraghi, tenente del 9\u00b0 alpini.","publisher":{"@id":"https:\/\/www.stalag307.it\/#\/schema\/person\/429ede1ba10cd3538d1b89ab809fd00f"},"potentialAction":[{"@type":"SearchAction","target":{"@type":"EntryPoint","urlTemplate":"https:\/\/www.stalag307.it\/?s={search_term_string}"},"query-input":{"@type":"PropertyValueSpecification","valueRequired":true,"valueName":"search_term_string"}}],"inLanguage":"it-IT"},{"@type":["Person","Organization"],"@id":"https:\/\/www.stalag307.it\/#\/schema\/person\/429ede1ba10cd3538d1b89ab809fd00f","name":"Luigi Biraghi","logo":{"@id":"https:\/\/www.stalag307.it\/#\/schema\/person\/image\/"}}]}},"jetpack_sharing_enabled":true,"_links":{"self":[{"href":"https:\/\/www.stalag307.it\/index.php?rest_route=\/wp\/v2\/pages\/220","targetHints":{"allow":["GET"]}}],"collection":[{"href":"https:\/\/www.stalag307.it\/index.php?rest_route=\/wp\/v2\/pages"}],"about":[{"href":"https:\/\/www.stalag307.it\/index.php?rest_route=\/wp\/v2\/types\/page"}],"author":[{"embeddable":true,"href":"https:\/\/www.stalag307.it\/index.php?rest_route=\/wp\/v2\/users\/2"}],"replies":[{"embeddable":true,"href":"https:\/\/www.stalag307.it\/index.php?rest_route=%2Fwp%2Fv2%2Fcomments&post=220"}],"version-history":[{"count":36,"href":"https:\/\/www.stalag307.it\/index.php?rest_route=\/wp\/v2\/pages\/220\/revisions"}],"predecessor-version":[{"id":1339,"href":"https:\/\/www.stalag307.it\/index.php?rest_route=\/wp\/v2\/pages\/220\/revisions\/1339"}],"wp:attachment":[{"href":"https:\/\/www.stalag307.it\/index.php?rest_route=%2Fwp%2Fv2%2Fmedia&parent=220"}],"curies":[{"name":"wp","href":"https:\/\/api.w.org\/{rel}","templated":true}]}}